{"id":94,"date":"2015-04-15T18:02:25","date_gmt":"2015-04-15T16:02:25","guid":{"rendered":"http:\/\/loctaux-services.com\/?page_id=94"},"modified":"2022-11-21T08:34:02","modified_gmt":"2022-11-21T07:34:02","slug":"contact","status":"publish","type":"page","link":"https:\/\/loctaux-services.com\/index.php\/contact\/","title":{"rendered":"Contact"},"content":{"rendered":"<p><strong>LOCTAUX-Services<\/strong><\/p>\n<p><strong>LOCTAUX St\u00e9phane<\/strong><\/p>\n<p>33 430 Sauviac &#8211; France<\/p>\n<p><strong>E-mail<\/strong>: <span style=\"color: #0000ff;\"><a style=\"color: #0000ff;\" href=\"mailto:contact@loctaux-services.com\">contact@loctaux-services.com<\/a><\/span><br \/>\n<strong>Site internet<\/strong>: <span style=\"color: #0000ff;\"><a style=\"color: #0000ff;\" title=\"www.loctaux-services.com\" href=\"http:\/\/www.loctaux-services.com\">www.loctaux-services.com<\/a><\/span><br \/>\n<strong>T\u00e9l\u00e9phone mobile<\/strong>:+ 33 6 51 12 12 86<\/p>\n<p><strong>Siret<\/strong>: 522 915 529 00013 &#8211;\u00a0<strong>APE<\/strong>\u00a09609Z<\/p>\n","protected":false},"excerpt":{"rendered":"<p>LOCTAUX-Services LOCTAUX St\u00e9phane 33 430 Sauviac &#8211; France E-mail: contact@loctaux-services.com Site internet: www.loctaux-services.com T\u00e9l\u00e9phone mobile:+ 33 6 51 12 12 86 Siret: 522 915 529 00013 &#8211;\u00a0APE\u00a09609Z<\/p>\n","protected":false},"author":1,"featured_media":0,"parent":0,"menu_order":0,"comment_status":"closed","ping_status":"closed","template":"","meta":{"_exactmetrics_skip_tracking":false,"_exactmetrics_sitenote_active":false,"_exactmetrics_sitenote_note":"","_exactmetrics_sitenote_category":0,"footnotes":""},"class_list":["post-94","page","type-page","status-publish","hentry"],"_links":{"self":[{"href":"https:\/\/loctaux-services.com\/index.php\/wp-json\/wp\/v2\/pages\/94"}],"collection":[{"href":"https:\/\/loctaux-services.com\/index.php\/wp-json\/wp\/v2\/pages"}],"about":[{"href":"https:\/\/loctaux-services.com\/index.php\/wp-json\/wp\/v2\/types\/page"}],"author":[{"embeddable":true,"href":"https:\/\/loctaux-services.com\/index.php\/wp-json\/wp\/v2\/users\/1"}],"replies":[{"embeddable":true,"href":"https:\/\/loctaux-services.com\/index.php\/wp-json\/wp\/v2\/comments?post=94"}],"version-history":[{"count":2,"href":"https:\/\/loctaux-services.com\/index.php\/wp-json\/wp\/v2\/pages\/94\/revisions"}],"predecessor-version":[{"id":630,"href":"https:\/\/loctaux-services.com\/index.php\/wp-json\/wp\/v2\/pages\/94\/revisions\/630"}],"wp:attachment":[{"href":"https:\/\/loctaux-services.com\/index.php\/wp-json\/wp\/v2\/media?parent=94"}],"curies":[{"name":"wp","href":"https:\/\/api.w.org\/{rel}","templated":true}]}}