{"id":575,"date":"2022-11-20T15:45:40","date_gmt":"2022-11-20T14:45:40","guid":{"rendered":"https:\/\/loctaux-services.com\/?page_id=575"},"modified":"2022-11-20T22:35:32","modified_gmt":"2022-11-20T21:35:32","slug":"tir","status":"publish","type":"page","link":"https:\/\/loctaux-services.com\/index.php\/secteur-tir\/tir2\/tir\/","title":{"rendered":"F\u00e9d\u00e9rations de tir"},"content":{"rendered":"\n<h3 class=\"has-text-align-left wp-block-heading\">International Practical Shooting Confederation &#8211; IPSC<\/h3>\n\n\n\n<div class=\"wp-block-columns is-layout-flex wp-container-core-columns-is-layout-1 wp-block-columns-is-layout-flex\">\n<div class=\"wp-block-column is-layout-flow wp-block-column-is-layout-flow\"><div class=\"wp-block-image\">\n<figure class=\"aligncenter size-full is-resized\"><a href=\"https:\/\/loctaux-services.com\/wp-content\/uploads\/2022\/11\/IROA_Logo_PNG_800x453-1.png\"><img loading=\"lazy\" decoding=\"async\" src=\"https:\/\/loctaux-services.com\/wp-content\/uploads\/2022\/11\/IROA_Logo_PNG_800x453-1.png\" alt=\"\" class=\"wp-image-589\" width=\"330\" height=\"186\" srcset=\"https:\/\/loctaux-services.com\/wp-content\/uploads\/2022\/11\/IROA_Logo_PNG_800x453-1.png 800w, https:\/\/loctaux-services.com\/wp-content\/uploads\/2022\/11\/IROA_Logo_PNG_800x453-1-300x170.png 300w, https:\/\/loctaux-services.com\/wp-content\/uploads\/2022\/11\/IROA_Logo_PNG_800x453-1-768x435.png 768w\" sizes=\"(max-width: 330px) 100vw, 330px\" \/><\/a><\/figure><\/div><\/div>\n\n\n\n<div class=\"wp-block-column is-layout-flow wp-block-column-is-layout-flow\"><div class=\"wp-block-image\">\n<figure class=\"aligncenter size-large is-resized\"><a href=\"https:\/\/loctaux-services.com\/wp-content\/uploads\/2022\/11\/IPSC.jpg\"><img loading=\"lazy\" decoding=\"async\" src=\"https:\/\/loctaux-services.com\/wp-content\/uploads\/2022\/11\/IPSC-829x1024.jpg\" alt=\"\" class=\"wp-image-583\" width=\"163\" height=\"202\" srcset=\"https:\/\/loctaux-services.com\/wp-content\/uploads\/2022\/11\/IPSC-829x1024.jpg 829w, https:\/\/loctaux-services.com\/wp-content\/uploads\/2022\/11\/IPSC-243x300.jpg 243w, https:\/\/loctaux-services.com\/wp-content\/uploads\/2022\/11\/IPSC-768x949.jpg 768w, https:\/\/loctaux-services.com\/wp-content\/uploads\/2022\/11\/IPSC-1243x1536.jpg 1243w, https:\/\/loctaux-services.com\/wp-content\/uploads\/2022\/11\/IPSC.jpg 1307w\" sizes=\"(max-width: 163px) 100vw, 163px\" \/><\/a><\/figure><\/div><\/div>\n<\/div>\n\n\n\n<h3 class=\"wp-block-heading\">F\u00e9d\u00e9ration Fran\u00e7aise de Tir &#8211; FFTir<\/h3>\n\n\n\n<div class=\"wp-block-columns is-layout-flex wp-container-core-columns-is-layout-2 wp-block-columns-is-layout-flex\">\n<div class=\"wp-block-column is-layout-flow wp-block-column-is-layout-flow\">\n<figure class=\"wp-block-image size-full\"><a href=\"https:\/\/loctaux-services.com\/wp-content\/uploads\/2022\/11\/logograndfftir.jpg\"><img loading=\"lazy\" decoding=\"async\" width=\"448\" height=\"269\" src=\"https:\/\/loctaux-services.com\/wp-content\/uploads\/2022\/11\/logograndfftir.jpg\" alt=\"\" class=\"wp-image-587\" srcset=\"https:\/\/loctaux-services.com\/wp-content\/uploads\/2022\/11\/logograndfftir.jpg 448w, https:\/\/loctaux-services.com\/wp-content\/uploads\/2022\/11\/logograndfftir-300x180.jpg 300w\" sizes=\"(max-width: 448px) 100vw, 448px\" \/><\/a><\/figure>\n<\/div>\n<\/div>\n\n\n\n<p><\/p>\n\n\n\n<div class=\"wp-block-columns is-layout-flex wp-container-core-columns-is-layout-3 wp-block-columns-is-layout-flex\">\n<div class=\"wp-block-column is-layout-flow wp-block-column-is-layout-flow\">\n<figure class=\"wp-block-image size-full\"><a href=\"https:\/\/loctaux-services.com\/wp-content\/uploads\/2022\/11\/Logo_TSV_France.jpg\"><img loading=\"lazy\" decoding=\"async\" width=\"640\" height=\"480\" src=\"https:\/\/loctaux-services.com\/wp-content\/uploads\/2022\/11\/Logo_TSV_France.jpg\" alt=\"\" class=\"wp-image-585\" srcset=\"https:\/\/loctaux-services.com\/wp-content\/uploads\/2022\/11\/Logo_TSV_France.jpg 640w, https:\/\/loctaux-services.com\/wp-content\/uploads\/2022\/11\/Logo_TSV_France-300x225.jpg 300w\" sizes=\"(max-width: 640px) 100vw, 640px\" \/><\/a><\/figure>\n<\/div>\n\n\n\n<div class=\"wp-block-column is-layout-flow wp-block-column-is-layout-flow\">\n<figure class=\"wp-block-image size-full is-resized\"><a href=\"https:\/\/loctaux-services.com\/wp-content\/uploads\/2022\/11\/logo-moniteur-tsv-2.png\"><img loading=\"lazy\" decoding=\"async\" src=\"https:\/\/loctaux-services.com\/wp-content\/uploads\/2022\/11\/logo-moniteur-tsv-2.png\" alt=\"\" class=\"wp-image-584\" width=\"206\" height=\"206\" srcset=\"https:\/\/loctaux-services.com\/wp-content\/uploads\/2022\/11\/logo-moniteur-tsv-2.png 945w, https:\/\/loctaux-services.com\/wp-content\/uploads\/2022\/11\/logo-moniteur-tsv-2-300x300.png 300w, https:\/\/loctaux-services.com\/wp-content\/uploads\/2022\/11\/logo-moniteur-tsv-2-150x150.png 150w, https:\/\/loctaux-services.com\/wp-content\/uploads\/2022\/11\/logo-moniteur-tsv-2-768x768.png 768w\" sizes=\"(max-width: 206px) 100vw, 206px\" \/><\/a><\/figure>\n<\/div>\n<\/div>\n\n\n\n<h3 class=\"wp-block-heading\">F\u00e9d\u00e9ration Fran\u00e7aise de BallTrap &#8211; FFBT<\/h3>\n\n\n\n<div class=\"wp-block-columns is-layout-flex wp-container-core-columns-is-layout-4 wp-block-columns-is-layout-flex\">\n<div class=\"wp-block-column is-layout-flow wp-block-column-is-layout-flow\"><div class=\"wp-block-image\">\n<figure class=\"aligncenter size-large is-resized\"><a href=\"https:\/\/loctaux-services.com\/wp-content\/uploads\/2022\/11\/logo-ffbt-hq-jpg-869-2.jpg\"><img loading=\"lazy\" decoding=\"async\" src=\"https:\/\/loctaux-services.com\/wp-content\/uploads\/2022\/11\/logo-ffbt-hq-jpg-869-2-1024x1020.jpg\" alt=\"\" class=\"wp-image-602\" width=\"236\" height=\"234\" srcset=\"https:\/\/loctaux-services.com\/wp-content\/uploads\/2022\/11\/logo-ffbt-hq-jpg-869-2-1024x1020.jpg 1024w, https:\/\/loctaux-services.com\/wp-content\/uploads\/2022\/11\/logo-ffbt-hq-jpg-869-2-150x150.jpg 150w, https:\/\/loctaux-services.com\/wp-content\/uploads\/2022\/11\/logo-ffbt-hq-jpg-869-2-768x765.jpg 768w, https:\/\/loctaux-services.com\/wp-content\/uploads\/2022\/11\/logo-ffbt-hq-jpg-869-2.jpg 1368w\" sizes=\"(max-width: 236px) 100vw, 236px\" \/><\/a><\/figure><\/div><\/div>\n<\/div>\n","protected":false},"excerpt":{"rendered":"<p>International Practical Shooting Confederation &#8211; IPSC F\u00e9d\u00e9ration Fran\u00e7aise de Tir &#8211; FFTir F\u00e9d\u00e9ration Fran\u00e7aise de BallTrap &#8211; FFBT<\/p>\n","protected":false},"author":1,"featured_media":0,"parent":593,"menu_order":1,"comment_status":"closed","ping_status":"closed","template":"","meta":{"_exactmetrics_skip_tracking":false,"_exactmetrics_sitenote_active":false,"_exactmetrics_sitenote_note":"","_exactmetrics_sitenote_category":0,"footnotes":""},"class_list":["post-575","page","type-page","status-publish","hentry"],"_links":{"self":[{"href":"https:\/\/loctaux-services.com\/index.php\/wp-json\/wp\/v2\/pages\/575"}],"collection":[{"href":"https:\/\/loctaux-services.com\/index.php\/wp-json\/wp\/v2\/pages"}],"about":[{"href":"https:\/\/loctaux-services.com\/index.php\/wp-json\/wp\/v2\/types\/page"}],"author":[{"embeddable":true,"href":"https:\/\/loctaux-services.com\/index.php\/wp-json\/wp\/v2\/users\/1"}],"replies":[{"embeddable":true,"href":"https:\/\/loctaux-services.com\/index.php\/wp-json\/wp\/v2\/comments?post=575"}],"version-history":[{"count":6,"href":"https:\/\/loctaux-services.com\/index.php\/wp-json\/wp\/v2\/pages\/575\/revisions"}],"predecessor-version":[{"id":608,"href":"https:\/\/loctaux-services.com\/index.php\/wp-json\/wp\/v2\/pages\/575\/revisions\/608"}],"up":[{"embeddable":true,"href":"https:\/\/loctaux-services.com\/index.php\/wp-json\/wp\/v2\/pages\/593"}],"wp:attachment":[{"href":"https:\/\/loctaux-services.com\/index.php\/wp-json\/wp\/v2\/media?parent=575"}],"curies":[{"name":"wp","href":"https:\/\/api.w.org\/{rel}","templated":true}]}}