{"id":35,"date":"2015-04-15T17:02:43","date_gmt":"2015-04-15T15:02:43","guid":{"rendered":"http:\/\/loctaux-services.com\/?page_id=35"},"modified":"2022-11-20T15:23:49","modified_gmt":"2022-11-20T14:23:49","slug":"mentions-legales","status":"publish","type":"page","link":"https:\/\/loctaux-services.com\/index.php\/mentions-legales\/","title":{"rendered":"Mentions L\u00e9gales"},"content":{"rendered":"<p><strong>Raison sociale<\/strong>: LOCTAUX-Services<br \/>\n<strong>Si\u00e8ge social<\/strong>: &#8211; 33430 Sauviac &#8211; France<br \/>\n<strong>T\u00e9l\u00e9phone<\/strong>: +33 6 51 12 12 86<br \/>\n<strong>E-mail<\/strong>: <span style=\"color: #000000;\"><a style=\"color: #000000;\" href=\"mailto:contact@loctaux-services.com\">contact@loctaux-services.com<\/a><\/span><br \/>\n<strong>Siret<\/strong>: 522 915 529 00013 &#8211;\u00a0<strong>APE<\/strong> 9609Z<br \/>\n<strong>Directeur de publication<\/strong>: St\u00e9phane LOCTAUX<\/p>\n<hr \/>\n<p><strong>H\u00e9bergeur : OVH<\/strong><br \/>\nRaison sociale : SAS au capital de 10 000 000 euros<br \/>\nSi\u00e8ge social : 2 rue Kellermann &#8211; 59100 Roubaix &#8211; France<br \/>\nRCS Roubaix \u2013 Tourcoing 424 761 419 00045<\/p>\n<hr \/>\n<p><strong>Le pr\u00e9sent site est la propri\u00e9t\u00e9 de<\/strong><br \/>\n<strong> St\u00e9phane LOCTAUX &#8211; 33430 Sauviac &#8211; France.<\/strong><\/p>\n<p><strong>1 &#8211; Propri\u00e9t\u00e9 intellectuelle<\/strong><br \/>\nL&rsquo;ensemble de ce site rel\u00e8ve des l\u00e9gislations fran\u00e7aise et internationale sur le droit d&rsquo;auteur et la propri\u00e9t\u00e9 intellectuelle.<br \/>\nTous les droits de reproduction sont r\u00e9serv\u00e9s, y compris pour les documents iconographiques et photographiques.<\/p>\n<p><strong>2 &#8211; Responsabilit\u00e9<\/strong><br \/>\n\u00ab\u00a0LOCTAUX-Services\u00a0\u00bb d\u00e9cline toute responsabilit\u00e9 pour les difficult\u00e9s rencontr\u00e9es lors de l&rsquo;acc\u00e8s \u00e0 son site ou pour toute d\u00e9faillance de communication.<br \/>\n\u00ab\u00a0LOCTAUX-Services\u00a0\u00bb se r\u00e9serve la possibilit\u00e9 de modifier, d&rsquo;interrompre temporairement ou de fa\u00e7on permanente, toute ou une partie du site, sans pr\u00e9avis.<br \/>\n\u00ab\u00a0LOCTAUX-Services\u00a0\u00bb ne pourra en aucun cas \u00eatre tenu pour responsable \u00e0 votre encontre ou \u00e0 l&rsquo;encontre d&rsquo;un tiers de toute modification, interruption ou suspension du site.<\/p>\n","protected":false},"excerpt":{"rendered":"<p>Raison sociale: LOCTAUX-Services Si\u00e8ge social: &#8211; 33430 Sauviac &#8211; France T\u00e9l\u00e9phone: +33 6 51 12 12 86 E-mail: contact@loctaux-services.com Siret: 522 915 529 00013 &#8211;\u00a0APE 9609Z Directeur de publication: St\u00e9phane LOCTAUX H\u00e9bergeur : OVH Raison sociale : SAS au capital de 10 000 000 euros Si\u00e8ge social : 2 rue Kellermann &#8211; 59100 Roubaix &#8211; &hellip; <a href=\"https:\/\/loctaux-services.com\/index.php\/mentions-legales\/\" class=\"more-link\">Continuer la lecture de <span class=\"screen-reader-text\">Mentions L\u00e9gales<\/span> <span class=\"meta-nav\">&rarr;<\/span><\/a><\/p>\n","protected":false},"author":1,"featured_media":0,"parent":0,"menu_order":0,"comment_status":"closed","ping_status":"closed","template":"","meta":{"_exactmetrics_skip_tracking":false,"_exactmetrics_sitenote_active":false,"_exactmetrics_sitenote_note":"","_exactmetrics_sitenote_category":0,"footnotes":""},"class_list":["post-35","page","type-page","status-publish","hentry"],"_links":{"self":[{"href":"https:\/\/loctaux-services.com\/index.php\/wp-json\/wp\/v2\/pages\/35"}],"collection":[{"href":"https:\/\/loctaux-services.com\/index.php\/wp-json\/wp\/v2\/pages"}],"about":[{"href":"https:\/\/loctaux-services.com\/index.php\/wp-json\/wp\/v2\/types\/page"}],"author":[{"embeddable":true,"href":"https:\/\/loctaux-services.com\/index.php\/wp-json\/wp\/v2\/users\/1"}],"replies":[{"embeddable":true,"href":"https:\/\/loctaux-services.com\/index.php\/wp-json\/wp\/v2\/comments?post=35"}],"version-history":[{"count":3,"href":"https:\/\/loctaux-services.com\/index.php\/wp-json\/wp\/v2\/pages\/35\/revisions"}],"predecessor-version":[{"id":552,"href":"https:\/\/loctaux-services.com\/index.php\/wp-json\/wp\/v2\/pages\/35\/revisions\/552"}],"wp:attachment":[{"href":"https:\/\/loctaux-services.com\/index.php\/wp-json\/wp\/v2\/media?parent=35"}],"curies":[{"name":"wp","href":"https:\/\/api.w.org\/{rel}","templated":true}]}}