{"id":24,"date":"2015-04-15T15:53:33","date_gmt":"2015-04-15T13:53:33","guid":{"rendered":"http:\/\/loctaux-services.com\/?page_id=24"},"modified":"2015-11-10T22:42:46","modified_gmt":"2015-11-10T21:42:46","slug":"secteur-industrie","status":"publish","type":"page","link":"https:\/\/loctaux-services.com\/index.php\/secteur-industrie\/","title":{"rendered":"Secteur Industrie"},"content":{"rendered":"<ul>\n<li>\n<h3><span style=\"color: #000000;\"><a style=\"color: #000000;\" href=\"http:\/\/loctaux-services.com\/index.php\/gestion-projet\/\">Gestion de Projet<\/a><\/span><\/h3>\n<\/li>\n<li>\n<h3><span style=\"color: #000000;\"><a style=\"color: #000000;\" href=\"http:\/\/loctaux-services.com\/index.php\/assistance-a-maitrise-douvrage\/\">Assistance \u00e0 Ma\u00eetrise d&rsquo;Ouvrage<\/a><\/span><\/h3>\n<\/li>\n<li>\n<h3><span style=\"color: #000000;\"><a style=\"color: #000000;\" href=\"http:\/\/loctaux-services.com\/index.php\/maitrise-doeuvre\/\">Ma\u00eetrise d&rsquo;Oeuvre<\/a><\/span><\/h3>\n<\/li>\n<li>\n<h3><span style=\"color: #000000;\"><a style=\"color: #000000;\" href=\"http:\/\/loctaux-services.com\/index.php\/opc\/\">O.P.C<\/a><\/span><\/h3>\n<\/li>\n<li>\n<h3><span style=\"color: #000000;\"><a style=\"color: #000000;\" href=\"http:\/\/loctaux-services.com\/index.php\/suivi-de-chantier\/\">Suivi de Chantier<\/a><\/span><\/h3>\n<\/li>\n<li>\n<h3><span style=\"color: #000000;\"><a style=\"color: #000000;\" href=\"http:\/\/loctaux-services.com\/index.php\/dessin-industriel\/\">Dessin Industriel<\/a><\/span><\/h3>\n<\/li>\n<li>\n<h3><span style=\"color: #000000;\"><a style=\"color: #000000;\" href=\"http:\/\/loctaux-services.com\/index.php\/infographie\/\">Infographie<\/a><\/span><\/h3>\n<\/li>\n<\/ul>\n","protected":false},"excerpt":{"rendered":"<p>Gestion de Projet Assistance \u00e0 Ma\u00eetrise d&rsquo;Ouvrage Ma\u00eetrise d&rsquo;Oeuvre O.P.C Suivi de Chantier Dessin Industriel Infographie<\/p>\n","protected":false},"author":1,"featured_media":0,"parent":0,"menu_order":0,"comment_status":"closed","ping_status":"closed","template":"","meta":{"_exactmetrics_skip_tracking":false,"_exactmetrics_sitenote_active":false,"_exactmetrics_sitenote_note":"","_exactmetrics_sitenote_category":0,"footnotes":""},"class_list":["post-24","page","type-page","status-publish","hentry"],"_links":{"self":[{"href":"https:\/\/loctaux-services.com\/index.php\/wp-json\/wp\/v2\/pages\/24"}],"collection":[{"href":"https:\/\/loctaux-services.com\/index.php\/wp-json\/wp\/v2\/pages"}],"about":[{"href":"https:\/\/loctaux-services.com\/index.php\/wp-json\/wp\/v2\/types\/page"}],"author":[{"embeddable":true,"href":"https:\/\/loctaux-services.com\/index.php\/wp-json\/wp\/v2\/users\/1"}],"replies":[{"embeddable":true,"href":"https:\/\/loctaux-services.com\/index.php\/wp-json\/wp\/v2\/comments?post=24"}],"version-history":[{"count":5,"href":"https:\/\/loctaux-services.com\/index.php\/wp-json\/wp\/v2\/pages\/24\/revisions"}],"predecessor-version":[{"id":380,"href":"https:\/\/loctaux-services.com\/index.php\/wp-json\/wp\/v2\/pages\/24\/revisions\/380"}],"wp:attachment":[{"href":"https:\/\/loctaux-services.com\/index.php\/wp-json\/wp\/v2\/media?parent=24"}],"curies":[{"name":"wp","href":"https:\/\/api.w.org\/{rel}","templated":true}]}}