{"id":140,"date":"2015-04-18T23:51:21","date_gmt":"2015-04-18T21:51:21","guid":{"rendered":"http:\/\/loctaux-services.com\/?page_id=140"},"modified":"2024-11-05T18:18:13","modified_gmt":"2024-11-05T17:18:13","slug":"formation","status":"publish","type":"page","link":"https:\/\/loctaux-services.com\/index.php\/formation\/","title":{"rendered":"Formation"},"content":{"rendered":"<div>\n<p>2024<br \/>\nCertificat de Qualification Professionnelle : CQP\u00a0Armes et Munitions.<\/p>\n<\/div>\n<div>\n<p>2021<br \/>\nDipl\u00f4me de moniteur \u00a0Handgun IPSC (Tir Sportif de Vitesse)\u00a0&#8211; F\u00e9d\u00e9ration Fran\u00e7aise de Tir<\/p>\n<p>2019<br \/>\nDipl\u00f4me d&rsquo;arbitre national IPSC (Tir Sportif de Vitesse) Handgun &#8211; Riffle \u2013 Shotgun<br \/>\n&#8211; F\u00e9d\u00e9ration Fran\u00e7aise de Tir<\/p>\n<\/div>\n<p>2013-2014<br \/>\nL2 Russe &#8211; Universit\u00e9 Bordeaux 3<\/p>\n<p>2012-2013<br \/>\nRusse CLES 1 &#8211; Universit\u00e9 Bordeaux 3<\/p>\n<p>2010-2013<br \/>\nEducation et comportement canin<\/p>\n<p>2010<br \/>\nCertificat de capacit\u00e9 relatif \u00e0 l&rsquo;exercice des activit\u00e9s li\u00e9es aux animaux de compagnie<\/p>\n<p>2009<br \/>\nAttestation de connaissance relative aux animaux dangereux et errants et la protection animale<\/p>\n<p>2001-2005<br \/>\nRusse : INALCO (Institut National des langues et Civilisations Orientales) &#8211; Paris (75)<\/p>\n<p>2003<br \/>\nGestion des risques en gestion de projets: AFNOR<\/p>\n<p>2002<br \/>\nAnglais des affaires<\/p>\n<p>2000<br \/>\nRusse &#8211; Universit\u00e9 de Moscou<br \/>\nAnglais des affaires<br \/>\nCommunication d&rsquo;entreprise<\/p>\n<p>1990<br \/>\nDEUG A (scientifique) &#8211; Universit\u00e9 Paris VI.<\/p>\n<p>1988<br \/>\nD.U.T G\u00e9nie M\u00e9canique et Productique &#8211; Cachan (92)<\/p>\n<p>1987<br \/>\nMath\u00e9matiques Sup\u00e9rieures Technologiques &#8211; Paris (75)<\/p>\n<p>1986<br \/>\nBaccalaur\u00e9at E (math\u00e9matiques et technique) &#8211; Nogent-sur-marne (94)<\/p>\n","protected":false},"excerpt":{"rendered":"<p>2024 Certificat de Qualification Professionnelle : CQP\u00a0Armes et Munitions. 2021 Dipl\u00f4me de moniteur \u00a0Handgun IPSC (Tir Sportif de Vitesse)\u00a0&#8211; F\u00e9d\u00e9ration Fran\u00e7aise de Tir 2019 Dipl\u00f4me d&rsquo;arbitre national IPSC (Tir Sportif de Vitesse) Handgun &#8211; Riffle \u2013 Shotgun &#8211; F\u00e9d\u00e9ration Fran\u00e7aise de Tir 2013-2014 L2 Russe &#8211; Universit\u00e9 Bordeaux 3 2012-2013 Russe CLES 1 &#8211; Universit\u00e9 &hellip; <a href=\"https:\/\/loctaux-services.com\/index.php\/formation\/\" class=\"more-link\">Continuer la lecture de <span class=\"screen-reader-text\">Formation<\/span> <span class=\"meta-nav\">&rarr;<\/span><\/a><\/p>\n","protected":false},"author":1,"featured_media":0,"parent":0,"menu_order":0,"comment_status":"closed","ping_status":"closed","template":"","meta":{"_exactmetrics_skip_tracking":false,"_exactmetrics_sitenote_active":false,"_exactmetrics_sitenote_note":"","_exactmetrics_sitenote_category":0,"footnotes":""},"class_list":["post-140","page","type-page","status-publish","hentry"],"_links":{"self":[{"href":"https:\/\/loctaux-services.com\/index.php\/wp-json\/wp\/v2\/pages\/140"}],"collection":[{"href":"https:\/\/loctaux-services.com\/index.php\/wp-json\/wp\/v2\/pages"}],"about":[{"href":"https:\/\/loctaux-services.com\/index.php\/wp-json\/wp\/v2\/types\/page"}],"author":[{"embeddable":true,"href":"https:\/\/loctaux-services.com\/index.php\/wp-json\/wp\/v2\/users\/1"}],"replies":[{"embeddable":true,"href":"https:\/\/loctaux-services.com\/index.php\/wp-json\/wp\/v2\/comments?post=140"}],"version-history":[{"count":8,"href":"https:\/\/loctaux-services.com\/index.php\/wp-json\/wp\/v2\/pages\/140\/revisions"}],"predecessor-version":[{"id":647,"href":"https:\/\/loctaux-services.com\/index.php\/wp-json\/wp\/v2\/pages\/140\/revisions\/647"}],"wp:attachment":[{"href":"https:\/\/loctaux-services.com\/index.php\/wp-json\/wp\/v2\/media?parent=140"}],"curies":[{"name":"wp","href":"https:\/\/api.w.org\/{rel}","templated":true}]}}